{"id":931,"date":"2024-10-07T17:10:15","date_gmt":"2024-10-07T20:10:15","guid":{"rendered":"https:\/\/inovaitacoatiara.uea.edu.br\/?page_id=931"},"modified":"2024-10-11T17:53:38","modified_gmt":"2024-10-11T20:53:38","slug":"cafe-com-mulheres","status":"publish","type":"page","link":"https:\/\/inovaitacoatiara.uea.edu.br\/?page_id=931","title":{"rendered":"Caf\u00e9 com mulheres"},"content":{"rendered":"\n<figure class=\"wp-block-image alignfull size-large\"><img fetchpriority=\"high\" decoding=\"async\" width=\"1024\" height=\"341\" src=\"https:\/\/inovaitacoatiara.uea.edu.br\/wp-content\/uploads\/2024\/10\/3.Cafe-com-empreendedoras-Modelo-site-1-1024x341.png\" alt=\"\" class=\"wp-image-936\" srcset=\"https:\/\/inovaitacoatiara.uea.edu.br\/wp-content\/uploads\/2024\/10\/3.Cafe-com-empreendedoras-Modelo-site-1-1024x341.png 1024w, https:\/\/inovaitacoatiara.uea.edu.br\/wp-content\/uploads\/2024\/10\/3.Cafe-com-empreendedoras-Modelo-site-1-300x100.png 300w, https:\/\/inovaitacoatiara.uea.edu.br\/wp-content\/uploads\/2024\/10\/3.Cafe-com-empreendedoras-Modelo-site-1-768x256.png 768w, https:\/\/inovaitacoatiara.uea.edu.br\/wp-content\/uploads\/2024\/10\/3.Cafe-com-empreendedoras-Modelo-site-1-1536x512.png 1536w, https:\/\/inovaitacoatiara.uea.edu.br\/wp-content\/uploads\/2024\/10\/3.Cafe-com-empreendedoras-Modelo-site-1-2048x683.png 2048w\" sizes=\"(max-width: 1024px) 100vw, 1024px\" \/><\/figure>\n\n\n\n<div class=\"wp-block-group is-layout-constrained wp-block-group-is-layout-constrained\">\n<p class=\"has-medium-font-size\">O caf\u00e9 com mulheres empreendedoras \u00e9 uma oportunidade \u00fanica para voc\u00ea ampliar seus conhecimentos, trocar experi\u00eancias, fazer networking e se motivar a seguir seus sonhos. Al\u00e9m disso, voc\u00ea vai saborear um delicioso caf\u00e9 da manh\u00e3.<\/p>\n\n\n\n<p class=\"has-medium-font-size\">N\u00e3o perca essa chance de se juntar a esse grupo incr\u00edvel de mulheres que est\u00e3o transformando o mundo com suas ideias e atitudes. Garanta j\u00e1 o seu lugar nesse evento imperd\u00edvel!<\/p>\n\n\n\n<p class=\"has-medium-font-size\">?Centro Cultural Velha Serpa<br>\u23f0Dia 25\/10, \u00e0s 08:30h<\/p>\n\n\n\n<h2 class=\"wp-block-heading\">Link para participar do Caf\u00e9 com Mulheres Empreendedoras<\/h2>\n\n\n\n<p><a href=\"https:\/\/docs.google.com\/forms\/d\/e\/1FAIpQLSdJe1ntqhyq6yheorTJ6Yq6OFV1ywOXaCzC0rwhCQJoDZotkg\/viewform\" data-type=\"link\" data-id=\"https:\/\/docs.google.com\/forms\/d\/e\/1FAIpQLSdJe1ntqhyq6yheorTJ6Yq6OFV1ywOXaCzC0rwhCQJoDZotkg\/viewform\">Clique aqui<\/a><\/p>\n<\/div>\n\n\n\n<p><\/p>\n","protected":false},"excerpt":{"rendered":"<p>O caf\u00e9 com mulheres empreendedoras \u00e9 uma oportunidade \u00fanica para voc\u00ea ampliar seus conhecimentos, trocar experi\u00eancias, fazer networking e se [&hellip;]<\/p>\n","protected":false},"author":1,"featured_media":0,"parent":0,"menu_order":0,"comment_status":"closed","ping_status":"closed","template":"","meta":{"_eb_attr":"","site-sidebar-layout":"default","site-content-layout":"","ast-site-content-layout":"","site-content-style":"default","site-sidebar-style":"default","ast-global-header-display":"","ast-banner-title-visibility":"","ast-main-header-display":"","ast-hfb-above-header-display":"","ast-hfb-below-header-display":"","ast-hfb-mobile-header-display":"","site-post-title":"disabled","ast-breadcrumbs-content":"","ast-featured-img":"","footer-sml-layout":"","theme-transparent-header-meta":"","adv-header-id-meta":"","stick-header-meta":"","header-above-stick-meta":"","header-main-stick-meta":"","header-below-stick-meta":"","astra-migrate-meta-layouts":"default","ast-page-background-enabled":"default","ast-page-background-meta":{"desktop":{"background-color":"var(--ast-global-color-4)","background-image":"","background-repeat":"repeat","background-position":"center center","background-size":"auto","background-attachment":"scroll","background-type":"","background-media":"","overlay-type":"","overlay-color":"","overlay-opacity":"","overlay-gradient":""},"tablet":{"background-color":"","background-image":"","background-repeat":"repeat","background-position":"center center","background-size":"auto","background-attachment":"scroll","background-type":"","background-media":"","overlay-type":"","overlay-color":"","overlay-opacity":"","overlay-gradient":""},"mobile":{"background-color":"","background-image":"","background-repeat":"repeat","background-position":"center center","background-size":"auto","background-attachment":"scroll","background-type":"","background-media":"","overlay-type":"","overlay-color":"","overlay-opacity":"","overlay-gradient":""}},"ast-content-background-meta":{"desktop":{"background-color":"var(--ast-global-color-5)","background-image":"","background-repeat":"repeat","background-position":"center center","background-size":"auto","background-attachment":"scroll","background-type":"","background-media":"","overlay-type":"","overlay-color":"","overlay-opacity":"","overlay-gradient":""},"tablet":{"background-color":"var(--ast-global-color-5)","background-image":"","background-repeat":"repeat","background-position":"center center","background-size":"auto","background-attachment":"scroll","background-type":"","background-media":"","overlay-type":"","overlay-color":"","overlay-opacity":"","overlay-gradient":""},"mobile":{"background-color":"var(--ast-global-color-5)","background-image":"","background-repeat":"repeat","background-position":"center center","background-size":"auto","background-attachment":"scroll","background-type":"","background-media":"","overlay-type":"","overlay-color":"","overlay-opacity":"","overlay-gradient":""}},"footnotes":""},"class_list":["post-931","page","type-page","status-publish","hentry"],"_links":{"self":[{"href":"https:\/\/inovaitacoatiara.uea.edu.br\/index.php?rest_route=\/wp\/v2\/pages\/931","targetHints":{"allow":["GET"]}}],"collection":[{"href":"https:\/\/inovaitacoatiara.uea.edu.br\/index.php?rest_route=\/wp\/v2\/pages"}],"about":[{"href":"https:\/\/inovaitacoatiara.uea.edu.br\/index.php?rest_route=\/wp\/v2\/types\/page"}],"author":[{"embeddable":true,"href":"https:\/\/inovaitacoatiara.uea.edu.br\/index.php?rest_route=\/wp\/v2\/users\/1"}],"replies":[{"embeddable":true,"href":"https:\/\/inovaitacoatiara.uea.edu.br\/index.php?rest_route=%2Fwp%2Fv2%2Fcomments&post=931"}],"version-history":[{"count":3,"href":"https:\/\/inovaitacoatiara.uea.edu.br\/index.php?rest_route=\/wp\/v2\/pages\/931\/revisions"}],"predecessor-version":[{"id":947,"href":"https:\/\/inovaitacoatiara.uea.edu.br\/index.php?rest_route=\/wp\/v2\/pages\/931\/revisions\/947"}],"wp:attachment":[{"href":"https:\/\/inovaitacoatiara.uea.edu.br\/index.php?rest_route=%2Fwp%2Fv2%2Fmedia&parent=931"}],"curies":[{"name":"wp","href":"https:\/\/api.w.org\/{rel}","templated":true}]}}