{"id":929,"date":"2024-10-07T17:09:53","date_gmt":"2024-10-07T20:09:53","guid":{"rendered":"https:\/\/inovaitacoatiara.uea.edu.br\/?page_id=929"},"modified":"2024-10-12T19:57:35","modified_gmt":"2024-10-12T22:57:35","slug":"criart","status":"publish","type":"page","link":"https:\/\/inovaitacoatiara.uea.edu.br\/?page_id=929","title":{"rendered":"Criart"},"content":{"rendered":"\n<figure class=\"wp-block-image alignfull size-large\"><img fetchpriority=\"high\" decoding=\"async\" width=\"1024\" height=\"341\" src=\"https:\/\/inovaitacoatiara.uea.edu.br\/wp-content\/uploads\/2024\/10\/5.CRIART-Modelo-site-1-1-1024x341.png\" alt=\"\" class=\"wp-image-940\" srcset=\"https:\/\/inovaitacoatiara.uea.edu.br\/wp-content\/uploads\/2024\/10\/5.CRIART-Modelo-site-1-1-1024x341.png 1024w, https:\/\/inovaitacoatiara.uea.edu.br\/wp-content\/uploads\/2024\/10\/5.CRIART-Modelo-site-1-1-300x100.png 300w, https:\/\/inovaitacoatiara.uea.edu.br\/wp-content\/uploads\/2024\/10\/5.CRIART-Modelo-site-1-1-768x256.png 768w, https:\/\/inovaitacoatiara.uea.edu.br\/wp-content\/uploads\/2024\/10\/5.CRIART-Modelo-site-1-1-1536x512.png 1536w, https:\/\/inovaitacoatiara.uea.edu.br\/wp-content\/uploads\/2024\/10\/5.CRIART-Modelo-site-1-1-2048x683.png 2048w\" sizes=\"(max-width: 1024px) 100vw, 1024px\" \/><\/figure>\n\n\n\n<div class=\"wp-block-group has-medium-font-size is-layout-constrained wp-block-group-is-layout-constrained\">\n<p>Crie uma imagem sobre o (Impacto das Mudan\u00e7as Clim\u00e1ticas na Amaz\u00f4nia) usando ferramentas de intelig\u00eancia artificial.<\/p>\n\n\n\n<p>? Inscri\u00e7\u00f5es at\u00e9 : 20 de outubro de 2024<\/p>\n\n\n\n<p class=\"has-medium-font-size\">? Premia\u00e7\u00f5es para o 1\u00b0, 2\u00b0 e 3\u00b0 colocado<\/p>\n\n\n\n<p>Resultados em 25\/10\/2024 no III Inova Itacoatiara.<\/p>\n<\/div>\n\n\n\n<div class=\"wp-block-group is-layout-constrained wp-block-group-is-layout-constrained\">\n<h2 class=\"wp-block-heading\">Acesse o regulamento e fa\u00e7a sua inscri\u00e7\u00e3o!<\/h2>\n\n\n\n<p><a href=\"https:\/\/inovaitacoatiara.uea.edu.br\/wp-content\/uploads\/2024\/10\/Regulamento-do-Concurso-de-Geracao-de-Imagens-com-Inteligencia-Artificial-1-1.pdf\" target=\"_blank\" rel=\"noreferrer noopener\">Regulamento do CRIART<\/a><\/p>\n<\/div>\n\n\n\n<p><\/p>\n","protected":false},"excerpt":{"rendered":"<p>Crie uma imagem sobre o (Impacto das Mudan\u00e7as Clim\u00e1ticas na Amaz\u00f4nia) usando ferramentas de intelig\u00eancia artificial. ? Inscri\u00e7\u00f5es at\u00e9 : [&hellip;]<\/p>\n","protected":false},"author":1,"featured_media":0,"parent":0,"menu_order":0,"comment_status":"closed","ping_status":"closed","template":"","meta":{"_eb_attr":"","site-sidebar-layout":"default","site-content-layout":"","ast-site-content-layout":"","site-content-style":"default","site-sidebar-style":"default","ast-global-header-display":"","ast-banner-title-visibility":"","ast-main-header-display":"","ast-hfb-above-header-display":"","ast-hfb-below-header-display":"","ast-hfb-mobile-header-display":"","site-post-title":"disabled","ast-breadcrumbs-content":"","ast-featured-img":"","footer-sml-layout":"","theme-transparent-header-meta":"","adv-header-id-meta":"","stick-header-meta":"","header-above-stick-meta":"","header-main-stick-meta":"","header-below-stick-meta":"","astra-migrate-meta-layouts":"default","ast-page-background-enabled":"default","ast-page-background-meta":{"desktop":{"background-color":"var(--ast-global-color-4)","background-image":"","background-repeat":"repeat","background-position":"center center","background-size":"auto","background-attachment":"scroll","background-type":"","background-media":"","overlay-type":"","overlay-color":"","overlay-opacity":"","overlay-gradient":""},"tablet":{"background-color":"","background-image":"","background-repeat":"repeat","background-position":"center center","background-size":"auto","background-attachment":"scroll","background-type":"","background-media":"","overlay-type":"","overlay-color":"","overlay-opacity":"","overlay-gradient":""},"mobile":{"background-color":"","background-image":"","background-repeat":"repeat","background-position":"center center","background-size":"auto","background-attachment":"scroll","background-type":"","background-media":"","overlay-type":"","overlay-color":"","overlay-opacity":"","overlay-gradient":""}},"ast-content-background-meta":{"desktop":{"background-color":"var(--ast-global-color-5)","background-image":"","background-repeat":"repeat","background-position":"center center","background-size":"auto","background-attachment":"scroll","background-type":"","background-media":"","overlay-type":"","overlay-color":"","overlay-opacity":"","overlay-gradient":""},"tablet":{"background-color":"var(--ast-global-color-5)","background-image":"","background-repeat":"repeat","background-position":"center center","background-size":"auto","background-attachment":"scroll","background-type":"","background-media":"","overlay-type":"","overlay-color":"","overlay-opacity":"","overlay-gradient":""},"mobile":{"background-color":"var(--ast-global-color-5)","background-image":"","background-repeat":"repeat","background-position":"center center","background-size":"auto","background-attachment":"scroll","background-type":"","background-media":"","overlay-type":"","overlay-color":"","overlay-opacity":"","overlay-gradient":""}},"footnotes":""},"class_list":["post-929","page","type-page","status-publish","hentry"],"_links":{"self":[{"href":"https:\/\/inovaitacoatiara.uea.edu.br\/index.php?rest_route=\/wp\/v2\/pages\/929","targetHints":{"allow":["GET"]}}],"collection":[{"href":"https:\/\/inovaitacoatiara.uea.edu.br\/index.php?rest_route=\/wp\/v2\/pages"}],"about":[{"href":"https:\/\/inovaitacoatiara.uea.edu.br\/index.php?rest_route=\/wp\/v2\/types\/page"}],"author":[{"embeddable":true,"href":"https:\/\/inovaitacoatiara.uea.edu.br\/index.php?rest_route=\/wp\/v2\/users\/1"}],"replies":[{"embeddable":true,"href":"https:\/\/inovaitacoatiara.uea.edu.br\/index.php?rest_route=%2Fwp%2Fv2%2Fcomments&post=929"}],"version-history":[{"count":10,"href":"https:\/\/inovaitacoatiara.uea.edu.br\/index.php?rest_route=\/wp\/v2\/pages\/929\/revisions"}],"predecessor-version":[{"id":968,"href":"https:\/\/inovaitacoatiara.uea.edu.br\/index.php?rest_route=\/wp\/v2\/pages\/929\/revisions\/968"}],"wp:attachment":[{"href":"https:\/\/inovaitacoatiara.uea.edu.br\/index.php?rest_route=%2Fwp%2Fv2%2Fmedia&parent=929"}],"curies":[{"name":"wp","href":"https:\/\/api.w.org\/{rel}","templated":true}]}}