{"id":782,"date":"2024-09-03T15:35:53","date_gmt":"2024-09-03T18:35:53","guid":{"rendered":"https:\/\/inovaitacoatiara.uea.edu.br\/?page_id=782"},"modified":"2024-09-05T11:21:03","modified_gmt":"2024-09-05T14:21:03","slug":"feira-de-negocios","status":"publish","type":"page","link":"https:\/\/inovaitacoatiara.uea.edu.br\/?page_id=782","title":{"rendered":"Feira de Neg\u00f3cios"},"content":{"rendered":"\n<figure class=\"wp-block-image alignfull size-large is-style-default\"><img fetchpriority=\"high\" decoding=\"async\" width=\"1024\" height=\"341\" src=\"https:\/\/inovaitacoatiara.uea.edu.br\/wp-content\/uploads\/2024\/09\/Save-the-date-III-Inova-1-2-1024x341.png\" alt=\"\" class=\"wp-image-784\" srcset=\"https:\/\/inovaitacoatiara.uea.edu.br\/wp-content\/uploads\/2024\/09\/Save-the-date-III-Inova-1-2-1024x341.png 1024w, https:\/\/inovaitacoatiara.uea.edu.br\/wp-content\/uploads\/2024\/09\/Save-the-date-III-Inova-1-2-300x100.png 300w, https:\/\/inovaitacoatiara.uea.edu.br\/wp-content\/uploads\/2024\/09\/Save-the-date-III-Inova-1-2-768x256.png 768w, https:\/\/inovaitacoatiara.uea.edu.br\/wp-content\/uploads\/2024\/09\/Save-the-date-III-Inova-1-2-1536x512.png 1536w, https:\/\/inovaitacoatiara.uea.edu.br\/wp-content\/uploads\/2024\/09\/Save-the-date-III-Inova-1-2-2048x683.png 2048w\" sizes=\"(max-width: 1024px) 100vw, 1024px\" \/><\/figure>\n\n\n\n<div class=\"wp-block-group is-layout-constrained wp-block-group-is-layout-constrained\">\n<p>A Feira de Neg\u00f3cios do III Inova Itacoatiara ser\u00e1 realizada no dia 24 de outubro de 2024, com o apoio do SEBRAE Itacoatiara. O evento criar\u00e1 um espa\u00e7o din\u00e2mico destinado a reunir empreendedores locais, compradores, fornecedores e investidores de diversos setores. Ao oferecer um espa\u00e7o dedicado \u00e0 exposi\u00e7\u00e3o de produtos e servi\u00e7os, a feira se estabelece como uma vitrine essencial para empresas e neg\u00f3cios que buscam ampliar sua rede de contatos, fortalecer sua marca e explorar novas oportunidades de mercado. Dessa forma, o evento consiste em promover o empreendedorismo e a inova\u00e7\u00e3o no munic\u00edpio de Itacoatiara, apresentando \u00e0 comunidade os neg\u00f3cios em atividade na cidade. Al\u00e9m disso, busca incentivar a cria\u00e7\u00e3o de novos empreendimentos, oferecendo oportunidades de emprego e renda para a popula\u00e7\u00e3o, contribuindo com o fortalecimento da\u00a0economia\u00a0local.<\/p>\n<\/div>\n\n\n\n<div class=\"wp-block-group is-layout-constrained wp-block-group-is-layout-constrained\">\n<h2 class=\"wp-block-heading\">Link para o formul\u00e1rio da Feira de Neg\u00f3cios<\/h2>\n\n\n\n<p><a href=\"https:\/\/forms.gle\/ynaYPTjSRpCG47eE7\" data-type=\"link\" data-id=\"https:\/\/forms.gle\/ynaYPTjSRpCG47eE7\">Clique aqui<\/a><\/p>\n<\/div>\n","protected":false},"excerpt":{"rendered":"<p>A Feira de Neg\u00f3cios do III Inova Itacoatiara ser\u00e1 realizada no dia 24 de outubro de 2024, com o apoio [&hellip;]<\/p>\n","protected":false},"author":1,"featured_media":0,"parent":0,"menu_order":0,"comment_status":"closed","ping_status":"closed","template":"","meta":{"_eb_attr":"","site-sidebar-layout":"default","site-content-layout":"","ast-site-content-layout":"","site-content-style":"default","site-sidebar-style":"default","ast-global-header-display":"","ast-banner-title-visibility":"","ast-main-header-display":"","ast-hfb-above-header-display":"","ast-hfb-below-header-display":"","ast-hfb-mobile-header-display":"","site-post-title":"disabled","ast-breadcrumbs-content":"","ast-featured-img":"","footer-sml-layout":"","theme-transparent-header-meta":"","adv-header-id-meta":"","stick-header-meta":"","header-above-stick-meta":"","header-main-stick-meta":"","header-below-stick-meta":"","astra-migrate-meta-layouts":"default","ast-page-background-enabled":"default","ast-page-background-meta":{"desktop":{"background-color":"var(--ast-global-color-4)","background-image":"","background-repeat":"repeat","background-position":"center center","background-size":"auto","background-attachment":"scroll","background-type":"","background-media":"","overlay-type":"","overlay-color":"","overlay-opacity":"","overlay-gradient":""},"tablet":{"background-color":"","background-image":"","background-repeat":"repeat","background-position":"center center","background-size":"auto","background-attachment":"scroll","background-type":"","background-media":"","overlay-type":"","overlay-color":"","overlay-opacity":"","overlay-gradient":""},"mobile":{"background-color":"","background-image":"","background-repeat":"repeat","background-position":"center center","background-size":"auto","background-attachment":"scroll","background-type":"","background-media":"","overlay-type":"","overlay-color":"","overlay-opacity":"","overlay-gradient":""}},"ast-content-background-meta":{"desktop":{"background-color":"var(--ast-global-color-5)","background-image":"","background-repeat":"repeat","background-position":"center center","background-size":"auto","background-attachment":"scroll","background-type":"","background-media":"","overlay-type":"","overlay-color":"","overlay-opacity":"","overlay-gradient":""},"tablet":{"background-color":"var(--ast-global-color-5)","background-image":"","background-repeat":"repeat","background-position":"center center","background-size":"auto","background-attachment":"scroll","background-type":"","background-media":"","overlay-type":"","overlay-color":"","overlay-opacity":"","overlay-gradient":""},"mobile":{"background-color":"var(--ast-global-color-5)","background-image":"","background-repeat":"repeat","background-position":"center center","background-size":"auto","background-attachment":"scroll","background-type":"","background-media":"","overlay-type":"","overlay-color":"","overlay-opacity":"","overlay-gradient":""}},"footnotes":""},"class_list":["post-782","page","type-page","status-publish","hentry"],"_links":{"self":[{"href":"https:\/\/inovaitacoatiara.uea.edu.br\/index.php?rest_route=\/wp\/v2\/pages\/782","targetHints":{"allow":["GET"]}}],"collection":[{"href":"https:\/\/inovaitacoatiara.uea.edu.br\/index.php?rest_route=\/wp\/v2\/pages"}],"about":[{"href":"https:\/\/inovaitacoatiara.uea.edu.br\/index.php?rest_route=\/wp\/v2\/types\/page"}],"author":[{"embeddable":true,"href":"https:\/\/inovaitacoatiara.uea.edu.br\/index.php?rest_route=\/wp\/v2\/users\/1"}],"replies":[{"embeddable":true,"href":"https:\/\/inovaitacoatiara.uea.edu.br\/index.php?rest_route=%2Fwp%2Fv2%2Fcomments&post=782"}],"version-history":[{"count":4,"href":"https:\/\/inovaitacoatiara.uea.edu.br\/index.php?rest_route=\/wp\/v2\/pages\/782\/revisions"}],"predecessor-version":[{"id":795,"href":"https:\/\/inovaitacoatiara.uea.edu.br\/index.php?rest_route=\/wp\/v2\/pages\/782\/revisions\/795"}],"wp:attachment":[{"href":"https:\/\/inovaitacoatiara.uea.edu.br\/index.php?rest_route=%2Fwp%2Fv2%2Fmedia&parent=782"}],"curies":[{"name":"wp","href":"https:\/\/api.w.org\/{rel}","templated":true}]}}