{"id":686,"date":"2024-08-19T14:49:06","date_gmt":"2024-08-19T17:49:06","guid":{"rendered":"https:\/\/inovaitacoatiara.uea.edu.br\/?page_id=686"},"modified":"2024-10-21T18:35:05","modified_gmt":"2024-10-21T21:35:05","slug":"inicio","status":"publish","type":"page","link":"https:\/\/inovaitacoatiara.uea.edu.br\/","title":{"rendered":"Inicio"},"content":{"rendered":"\t\t<div data-elementor-type=\"wp-page\" data-elementor-id=\"686\" class=\"elementor elementor-686\">\n\t\t\t\t<div class=\"elementor-element elementor-element-c041f93 e-flex e-con-boxed e-con e-parent\" data-id=\"c041f93\" data-element_type=\"container\">\n\t\t\t\t\t<div class=\"e-con-inner\">\n\t\t\t\t\t<\/div>\n\t\t\t\t<\/div>\n\t\t<div class=\"elementor-element elementor-element-1573407 e-flex e-con-boxed e-con e-parent\" data-id=\"1573407\" data-element_type=\"container\">\n\t\t\t\t\t<div class=\"e-con-inner\">\n\t\t\t\t<div class=\"elementor-element elementor-element-4e966ea elementor-widget elementor-widget-eael-countdown\" data-id=\"4e966ea\" data-element_type=\"widget\" data-widget_type=\"eael-countdown.default\">\n\t\t\t\t<div class=\"elementor-widget-container\">\n\t\t\t\n\t\t<div class=\"eael-countdown-wrapper\" data-countdown-id=\"4e966ea\" data-expire-type=\"none\" data-countdown-type=\"due_date\">\n\t\t\t<div class=\"eael-countdown-container eael-countdown-label-block   eael-countdown-show-separator eael-countdown-separator-dotted\">\n                                    <ul id=\"eael-countdown-4e966ea\" class=\"eael-countdown-items\" data-date=\"Oct 22 2024 16:00:00 -3\">\n                        <li class=\"eael-countdown-item\"><div class=\"eael-countdown-days\"><span data-days class=\"eael-countdown-digits\">00<\/span><span class=\"eael-countdown-label\">Dias<\/span><\/div><\/li>                        <li class=\"eael-countdown-item\"><div class=\"eael-countdown-hours\"><span data-hours class=\"eael-countdown-digits\">00<\/span><span class=\"eael-countdown-label\">Horas<\/span><\/div><\/li>                        <li class=\"eael-countdown-item\"><div class=\"eael-countdown-minutes\"><span data-minutes class=\"eael-countdown-digits\">00<\/span><span class=\"eael-countdown-label\">Minutos<\/span><\/div><\/li>                        <li class=\"eael-countdown-item\"><div class=\"eael-countdown-seconds\"><span data-seconds class=\"eael-countdown-digits\">00<\/span><span class=\"eael-countdown-label\">Segundos<\/span><\/div><\/li>                    <\/ul>\n                    <div class=\"eael-countdown-expiry-template\" style=\"display: none;\">\n                                            <\/div>\n               \n\t\t\t    <div class=\"clearfix\"><\/div>\n\t\t\t<\/div>\n\t\t<\/div>\n\n\t\t\t<\/div>\n\t\t\t\t<\/div>\n\t\t\t\t\t<\/div>\n\t\t\t\t<\/div>\n\t\t<div class=\"elementor-element elementor-element-5be1495 e-con-full e-flex e-con e-parent\" data-id=\"5be1495\" data-element_type=\"container\" data-settings=\"{&quot;background_background&quot;:&quot;gradient&quot;}\">\n\t\t\t\t<div class=\"elementor-element elementor-element-584caa6 elementor-widget elementor-widget-eael-creative-button\" data-id=\"584caa6\" data-element_type=\"widget\" data-widget_type=\"eael-creative-button.default\">\n\t\t\t\t<div class=\"elementor-widget-container\">\n\t\t\t        <div class=\"eael-creative-button-wrapper\">\n\n            <a class=\"eael-creative-button eael-creative-button--default\" href=\"https:\/\/forms.gle\/B9u1XQjvbRzKP7Ct6\" target=\"_blank\" data-text=\"Go!\">\n\n\t    \n                <div class=\"creative-button-inner\">\n\n                    \n                    <span class=\"cretive-button-text\">Inscreva-se<\/span>\n\n                                    <\/div>\n\t                        <\/a>\n        <\/div>\n\t\t<\/div>\n\t\t\t\t<\/div>\n\t\t\t\t<\/div>\n\t\t<div class=\"elementor-element elementor-element-471c51cb e-flex e-con-boxed e-con e-parent\" data-id=\"471c51cb\" data-element_type=\"container\">\n\t\t\t\t\t<div class=\"e-con-inner\">\n\t\t\t\t<div class=\"elementor-element elementor-element-5c757dc7 elementor-widget elementor-widget-text-editor\" data-id=\"5c757dc7\" data-element_type=\"widget\" data-widget_type=\"text-editor.default\">\n\t\t\t\t<div class=\"elementor-widget-container\">\n\t\t\t\t\t\t\t<p><!-- wp:image {\"id\":848,\"sizeSlug\":\"large\",\"linkDestination\":\"none\",\"align\":\"full\",\"style\":{\"color\":[],\"border\":{\"width\":\"0px\",\"style\":\"none\"}}} --><\/p>\n<figure class=\"wp-block-image alignfull size-large has-custom-border\"><\/figure>\n<p><!-- \/wp:image --><!-- wp:nextend\/smartslider3 {\"slider\":\"1\"} --><!-- \/wp:nextend\/smartslider3 --><!-- wp:group {\"layout\":{\"type\":\"default\"}} --><\/p>\n<div class=\"wp-block-group\">\n<p><!-- wp:paragraph --><\/p>\n<p>De 22 a 25 de outubro, a cidade de Itacoatiara sediar\u00e1 o III Inova Itacoatiara, um evento promovido pela Incubadora da Universidade do Estado do Amazonas (UEA), com o tema \u201cTecnologia e Neg\u00f3cios Transformando a Cidade e Promovendo Mudan\u00e7as na Vida das Pessoas\u201d.<\/p>\n<p>O Inova Itacoatiara \u00e9 voltado ao desenvolvimento de ideias e empresas, com foco em neg\u00f3cios que aliam inova\u00e7\u00e3o e sustentabilidade, especialmente na bioeconomia. O objetivo \u00e9 apoiar a cria\u00e7\u00e3o de novos neg\u00f3cios inovadores e fortalecer o ecossistema empresarial do munic\u00edpio. Durante o evento, empresas nacionais, agentes de inova\u00e7\u00e3o, universidades, representantes do governo e membros da sociedade civil se reunir\u00e3o para compartilhar conhecimentos e experi\u00eancias de sucesso no mercado.<\/p>\n<p>A programa\u00e7\u00e3o inclui workshops, palestras, rodas de conversa, feira de neg\u00f3cios, competi\u00e7\u00f5es de jogos eletr\u00f4nicos, concurso de imagens geradas por ferramentas de intelig\u00eancia artificial, hackathon, caf\u00e9 com mulheres empreendedoras, entre outras atividades.<\/p>\n<p>O evento ser\u00e1 realizado nas instala\u00e7\u00f5es do Servi\u00e7o Brasileiro de Apoio \u00e0s Micro e Pequenas Empresas (SEBRAE), com o objetivo de impulsionar o crescimento econ\u00f4mico local por meio da inova\u00e7\u00e3o, gerando impacto positivo tanto no ambiente empresarial quanto na comunidade de Itacoatiara.<\/p>\n<\/div>\n<p><!-- \/wp:group --><!-- wp:paragraph --><\/p>\n<p><!-- \/wp:paragraph --><\/p>\t\t\t\t\t\t<\/div>\n\t\t\t\t<\/div>\n\t\t\t\t\t<\/div>\n\t\t\t\t<\/div>\n\t\t<div class=\"elementor-element elementor-element-9ab1603 e-grid e-con-boxed e-con e-parent\" data-id=\"9ab1603\" data-element_type=\"container\">\n\t\t\t\t\t<div class=\"e-con-inner\">\n\t\t\t\t<div class=\"elementor-element elementor-element-b04335f elementor-widget elementor-widget-video\" data-id=\"b04335f\" data-element_type=\"widget\" data-settings=\"{&quot;youtube_url&quot;:&quot;https:\\\/\\\/www.youtube.com\\\/watch?v=pQdE_GvsoDw&quot;,&quot;video_type&quot;:&quot;youtube&quot;,&quot;controls&quot;:&quot;yes&quot;}\" data-widget_type=\"video.default\">\n\t\t\t\t<div class=\"elementor-widget-container\">\n\t\t\t\t\t<div class=\"elementor-wrapper elementor-open-inline\">\n\t\t\t<div class=\"elementor-video\"><\/div>\t\t<\/div>\n\t\t\t\t<\/div>\n\t\t\t\t<\/div>\n\t\t\t\t<div class=\"elementor-element elementor-element-0c26236 elementor-widget elementor-widget-video\" data-id=\"0c26236\" data-element_type=\"widget\" data-settings=\"{&quot;youtube_url&quot;:&quot;https:\\\/\\\/www.youtube.com\\\/watch?v=pJhF41tVdPE&quot;,&quot;video_type&quot;:&quot;youtube&quot;,&quot;controls&quot;:&quot;yes&quot;}\" data-widget_type=\"video.default\">\n\t\t\t\t<div class=\"elementor-widget-container\">\n\t\t\t\t\t<div class=\"elementor-wrapper elementor-open-inline\">\n\t\t\t<div class=\"elementor-video\"><\/div>\t\t<\/div>\n\t\t\t\t<\/div>\n\t\t\t\t<\/div>\n\t\t\t\t\t<\/div>\n\t\t\t\t<\/div>\n\t\t<div class=\"elementor-element elementor-element-0259079 e-flex e-con-boxed e-con e-parent\" data-id=\"0259079\" data-element_type=\"container\">\n\t\t\t\t\t<div class=\"e-con-inner\">\n\t\t\t\t<div class=\"elementor-element elementor-element-6f36116 elementor-widget__width-inherit elementor-widget elementor-widget-image\" data-id=\"6f36116\" data-element_type=\"widget\" data-widget_type=\"image.default\">\n\t\t\t\t<div class=\"elementor-widget-container\">\n\t\t\t\t\t\t\t\t\t\t\t\t\t<img fetchpriority=\"high\" decoding=\"async\" width=\"1024\" height=\"375\" src=\"https:\/\/inovaitacoatiara.uea.edu.br\/wp-content\/uploads\/2024\/10\/Atualizacao-do-Patrocinadores-1024x375.png\" class=\"attachment-large size-large wp-image-1225\" alt=\"\" srcset=\"https:\/\/inovaitacoatiara.uea.edu.br\/wp-content\/uploads\/2024\/10\/Atualizacao-do-Patrocinadores-1024x375.png 1024w, https:\/\/inovaitacoatiara.uea.edu.br\/wp-content\/uploads\/2024\/10\/Atualizacao-do-Patrocinadores-300x110.png 300w, https:\/\/inovaitacoatiara.uea.edu.br\/wp-content\/uploads\/2024\/10\/Atualizacao-do-Patrocinadores-768x281.png 768w, https:\/\/inovaitacoatiara.uea.edu.br\/wp-content\/uploads\/2024\/10\/Atualizacao-do-Patrocinadores.png 1366w\" sizes=\"(max-width: 1024px) 100vw, 1024px\" \/>\t\t\t\t\t\t\t\t\t\t\t\t\t<\/div>\n\t\t\t\t<\/div>\n\t\t\t\t\t<\/div>\n\t\t\t\t<\/div>\n\t\t<div class=\"elementor-element elementor-element-d23de1e e-flex e-con-boxed e-con e-parent\" data-id=\"d23de1e\" data-element_type=\"container\">\n\t\t\t\t\t<div class=\"e-con-inner\">\n\t\t\t\t\t<\/div>\n\t\t\t\t<\/div>\n\t\t\t\t<\/div>\n\t\t","protected":false},"excerpt":{"rendered":"<p>00Dias 00Horas 00Minutos 00Segundos Inscreva-se De 22 a 25 de outubro, a cidade de Itacoatiara sediar\u00e1 o III Inova Itacoatiara, [&hellip;]<\/p>\n","protected":false},"author":1,"featured_media":0,"parent":0,"menu_order":0,"comment_status":"closed","ping_status":"closed","template":"","meta":{"_eb_attr":"","site-sidebar-layout":"default","site-content-layout":"","ast-site-content-layout":"default","site-content-style":"default","site-sidebar-style":"default","ast-global-header-display":"","ast-banner-title-visibility":"","ast-main-header-display":"","ast-hfb-above-header-display":"","ast-hfb-below-header-display":"","ast-hfb-mobile-header-display":"","site-post-title":"disabled","ast-breadcrumbs-content":"","ast-featured-img":"","footer-sml-layout":"","theme-transparent-header-meta":"","adv-header-id-meta":"","stick-header-meta":"","header-above-stick-meta":"","header-main-stick-meta":"","header-below-stick-meta":"","astra-migrate-meta-layouts":"default","ast-page-background-enabled":"default","ast-page-background-meta":{"desktop":{"background-color":"var(--ast-global-color-4)","background-image":"","background-repeat":"repeat","background-position":"center center","background-size":"auto","background-attachment":"scroll","background-type":"","background-media":"","overlay-type":"","overlay-color":"","overlay-opacity":"","overlay-gradient":""},"tablet":{"background-color":"","background-image":"","background-repeat":"repeat","background-position":"center center","background-size":"auto","background-attachment":"scroll","background-type":"","background-media":"","overlay-type":"","overlay-color":"","overlay-opacity":"","overlay-gradient":""},"mobile":{"background-color":"","background-image":"","background-repeat":"repeat","background-position":"center center","background-size":"auto","background-attachment":"scroll","background-type":"","background-media":"","overlay-type":"","overlay-color":"","overlay-opacity":"","overlay-gradient":""}},"ast-content-background-meta":{"desktop":{"background-color":"var(--ast-global-color-5)","background-image":"","background-repeat":"repeat","background-position":"center center","background-size":"auto","background-attachment":"scroll","background-type":"","background-media":"","overlay-type":"","overlay-color":"","overlay-opacity":"","overlay-gradient":""},"tablet":{"background-color":"var(--ast-global-color-5)","background-image":"","background-repeat":"repeat","background-position":"center center","background-size":"auto","background-attachment":"scroll","background-type":"","background-media":"","overlay-type":"","overlay-color":"","overlay-opacity":"","overlay-gradient":""},"mobile":{"background-color":"var(--ast-global-color-5)","background-image":"","background-repeat":"repeat","background-position":"center center","background-size":"auto","background-attachment":"scroll","background-type":"","background-media":"","overlay-type":"","overlay-color":"","overlay-opacity":"","overlay-gradient":""}},"footnotes":""},"class_list":["post-686","page","type-page","status-publish","hentry"],"_links":{"self":[{"href":"https:\/\/inovaitacoatiara.uea.edu.br\/index.php?rest_route=\/wp\/v2\/pages\/686","targetHints":{"allow":["GET"]}}],"collection":[{"href":"https:\/\/inovaitacoatiara.uea.edu.br\/index.php?rest_route=\/wp\/v2\/pages"}],"about":[{"href":"https:\/\/inovaitacoatiara.uea.edu.br\/index.php?rest_route=\/wp\/v2\/types\/page"}],"author":[{"embeddable":true,"href":"https:\/\/inovaitacoatiara.uea.edu.br\/index.php?rest_route=\/wp\/v2\/users\/1"}],"replies":[{"embeddable":true,"href":"https:\/\/inovaitacoatiara.uea.edu.br\/index.php?rest_route=%2Fwp%2Fv2%2Fcomments&post=686"}],"version-history":[{"count":70,"href":"https:\/\/inovaitacoatiara.uea.edu.br\/index.php?rest_route=\/wp\/v2\/pages\/686\/revisions"}],"predecessor-version":[{"id":1288,"href":"https:\/\/inovaitacoatiara.uea.edu.br\/index.php?rest_route=\/wp\/v2\/pages\/686\/revisions\/1288"}],"wp:attachment":[{"href":"https:\/\/inovaitacoatiara.uea.edu.br\/index.php?rest_route=%2Fwp%2Fv2%2Fmedia&parent=686"}],"curies":[{"name":"wp","href":"https:\/\/api.w.org\/{rel}","templated":true}]}}