{"id":232,"date":"2023-10-05T15:32:01","date_gmt":"2023-10-05T19:32:01","guid":{"rendered":"https:\/\/inovaitacoatiara.com\/?page_id=232"},"modified":"2024-08-19T16:19:36","modified_gmt":"2024-08-19T19:19:36","slug":"galeria","status":"publish","type":"page","link":"https:\/\/inovaitacoatiara.uea.edu.br\/?page_id=232","title":{"rendered":"Galeria"},"content":{"rendered":"\n<div style=\"height:12px\" aria-hidden=\"true\" class=\"wp-block-spacer\"><\/div>\n\n\n\n<div class=\"wp-block-media-text alignwide is-stacked-on-mobile is-image-fill\"><figure class=\"wp-block-media-text__media\" style=\"background-image:url(https:\/\/inovaitacoatiara.com\/wp-content\/uploads\/2023\/10\/deoluci-20231004-0001.jpg?w=1024);background-position:50% 50%\"><img fetchpriority=\"high\" decoding=\"async\" width=\"1440\" height=\"1080\" src=\"https:\/\/inovaitacoatiara.com\/wp-content\/uploads\/2023\/10\/deoluci-20231004-0001.jpg?w=1024\" alt=\"\" class=\"wp-image-234 size-full\" srcset=\"https:\/\/inovaitacoatiara.uea.edu.br\/wp-content\/uploads\/2023\/10\/deoluci-20231004-0001.jpg 1440w, https:\/\/inovaitacoatiara.uea.edu.br\/wp-content\/uploads\/2023\/10\/deoluci-20231004-0001-300x225.jpg 300w, https:\/\/inovaitacoatiara.uea.edu.br\/wp-content\/uploads\/2023\/10\/deoluci-20231004-0001-1024x768.jpg 1024w, https:\/\/inovaitacoatiara.uea.edu.br\/wp-content\/uploads\/2023\/10\/deoluci-20231004-0001-768x576.jpg 768w\" sizes=\"(max-width: 1440px) 100vw, 1440px\" \/><\/figure><div class=\"wp-block-media-text__content\">\n<h2 class=\"wp-block-heading has-large-font-size\">Divulga\u00e7\u00e3o do Evento na R\u00e1dio Difusora<\/h2>\n\n\n\n<p class=\"has-text-align-justify has-albert-sans-font-family has-small-font-size\">&#8220;Agrade\u00e7o a R\u00e1dio Difusora, Programa Filhos da Terra, a oportunidade de divulgar o II Inova Itacoatiara.\u00a0<a href=\"https:\/\/www.instagram.com\/naramendesita\/\">@naramendesita<\/a>\u00a0voc\u00ea sempre parceira do Centro de Estudos Superiores de Itacoatiara-CESIT\/UEA&#8221;.<\/p>\n\n\n\n<p class=\"has-text-align-justify has-albert-sans-font-family has-small-font-size\">Deolinda Garcia &#8211; Coordenadora do Evento<\/p>\n<\/div><\/div>\n\n\n\n<div style=\"height:50px\" aria-hidden=\"true\" class=\"wp-block-spacer\"><\/div>\n\n\n\n<div class=\"wp-block-media-text alignwide is-stacked-on-mobile is-image-fill\"><figure class=\"wp-block-media-text__media\" style=\"background-image:url(https:\/\/inovaitacoatiara.com\/wp-content\/uploads\/2023\/10\/img_20231004_153346615.jpg?w=771);background-position:56% 26%\"><img decoding=\"async\" src=\"https:\/\/inovaitacoatiara.com\/wp-content\/uploads\/2023\/10\/img_20231004_153346615.jpg?w=771\" alt=\"\" class=\"wp-image-235 size-full\" \/><\/figure><div class=\"wp-block-media-text__content\">\n<h2 class=\"wp-block-heading has-large-font-size\">Divulga\u00e7\u00e3o do Evento na R\u00e1dio Panorama<\/h2>\n\n\n\n<p class=\"has-text-align-justify has-albert-sans-font-family has-small-font-size\">&#8220;Seguimos na divulga\u00e7\u00e3o do II Inova Itacoatiara, agora na R\u00e1dio Panorama, Programa 95 Interatividade. Muito obrigada mais um vez por esse apoio Floriano Ferreira.&nbsp;<a href=\"https:\/\/www.instagram.com\/floripasilva\/\">@floripasilva<\/a>&#8220;.<\/p>\n\n\n\n<p class=\"has-text-align-justify has-albert-sans-font-family has-small-font-size\">Deolinda Garcia &#8211; Coordenadora do Evento<\/p>\n<\/div><\/div>\n","protected":false},"excerpt":{"rendered":"<p>P\u00e1gina com imagens relacionadas ao evento II Inova Itacoatiara, sua divulga\u00e7\u00e3o, prepara\u00e7\u00e3o e realiza\u00e7\u00e3o.<\/p>\n","protected":false},"author":1,"featured_media":0,"parent":0,"menu_order":0,"comment_status":"closed","ping_status":"closed","template":"","meta":{"_eb_attr":"","site-sidebar-layout":"default","site-content-layout":"","ast-site-content-layout":"","site-content-style":"default","site-sidebar-style":"default","ast-global-header-display":"","ast-banner-title-visibility":"","ast-main-header-display":"","ast-hfb-above-header-display":"","ast-hfb-below-header-display":"","ast-hfb-mobile-header-display":"","site-post-title":"","ast-breadcrumbs-content":"","ast-featured-img":"","footer-sml-layout":"","theme-transparent-header-meta":"","adv-header-id-meta":"","stick-header-meta":"","header-above-stick-meta":"","header-main-stick-meta":"","header-below-stick-meta":"","astra-migrate-meta-layouts":"default","ast-page-background-enabled":"default","ast-page-background-meta":{"desktop":{"background-color":"var(--ast-global-color-4)","background-image":"","background-repeat":"repeat","background-position":"center center","background-size":"auto","background-attachment":"scroll","background-type":"","background-media":"","overlay-type":"","overlay-color":"","overlay-opacity":"","overlay-gradient":""},"tablet":{"background-color":"","background-image":"","background-repeat":"repeat","background-position":"center center","background-size":"auto","background-attachment":"scroll","background-type":"","background-media":"","overlay-type":"","overlay-color":"","overlay-opacity":"","overlay-gradient":""},"mobile":{"background-color":"","background-image":"","background-repeat":"repeat","background-position":"center center","background-size":"auto","background-attachment":"scroll","background-type":"","background-media":"","overlay-type":"","overlay-color":"","overlay-opacity":"","overlay-gradient":""}},"ast-content-background-meta":{"desktop":{"background-color":"var(--ast-global-color-5)","background-image":"","background-repeat":"repeat","background-position":"center center","background-size":"auto","background-attachment":"scroll","background-type":"","background-media":"","overlay-type":"","overlay-color":"","overlay-opacity":"","overlay-gradient":""},"tablet":{"background-color":"var(--ast-global-color-5)","background-image":"","background-repeat":"repeat","background-position":"center center","background-size":"auto","background-attachment":"scroll","background-type":"","background-media":"","overlay-type":"","overlay-color":"","overlay-opacity":"","overlay-gradient":""},"mobile":{"background-color":"var(--ast-global-color-5)","background-image":"","background-repeat":"repeat","background-position":"center center","background-size":"auto","background-attachment":"scroll","background-type":"","background-media":"","overlay-type":"","overlay-color":"","overlay-opacity":"","overlay-gradient":""}},"footnotes":""},"class_list":["post-232","page","type-page","status-publish","hentry"],"_links":{"self":[{"href":"https:\/\/inovaitacoatiara.uea.edu.br\/index.php?rest_route=\/wp\/v2\/pages\/232","targetHints":{"allow":["GET"]}}],"collection":[{"href":"https:\/\/inovaitacoatiara.uea.edu.br\/index.php?rest_route=\/wp\/v2\/pages"}],"about":[{"href":"https:\/\/inovaitacoatiara.uea.edu.br\/index.php?rest_route=\/wp\/v2\/types\/page"}],"author":[{"embeddable":true,"href":"https:\/\/inovaitacoatiara.uea.edu.br\/index.php?rest_route=\/wp\/v2\/users\/1"}],"replies":[{"embeddable":true,"href":"https:\/\/inovaitacoatiara.uea.edu.br\/index.php?rest_route=%2Fwp%2Fv2%2Fcomments&post=232"}],"version-history":[{"count":1,"href":"https:\/\/inovaitacoatiara.uea.edu.br\/index.php?rest_route=\/wp\/v2\/pages\/232\/revisions"}],"predecessor-version":[{"id":715,"href":"https:\/\/inovaitacoatiara.uea.edu.br\/index.php?rest_route=\/wp\/v2\/pages\/232\/revisions\/715"}],"wp:attachment":[{"href":"https:\/\/inovaitacoatiara.uea.edu.br\/index.php?rest_route=%2Fwp%2Fv2%2Fmedia&parent=232"}],"curies":[{"name":"wp","href":"https:\/\/api.w.org\/{rel}","templated":true}]}}