{"id":228,"date":"2023-10-05T14:57:32","date_gmt":"2023-10-05T18:57:32","guid":{"rendered":"https:\/\/inovaitacoatiara.com\/?page_id=228"},"modified":"2024-10-20T01:04:33","modified_gmt":"2024-10-20T04:04:33","slug":"hackathon","status":"publish","type":"page","link":"https:\/\/inovaitacoatiara.uea.edu.br\/?page_id=228","title":{"rendered":"Hackathon"},"content":{"rendered":"\n<figure class=\"wp-block-image alignfull size-large has-custom-border\"><img fetchpriority=\"high\" decoding=\"async\" width=\"1024\" height=\"341\" src=\"https:\/\/inovaitacoatiara.uea.edu.br\/wp-content\/uploads\/2024\/09\/6Hackathon-1024x341.png\" alt=\"\" class=\"wp-image-850\" style=\"border-style:none;border-width:0px\" srcset=\"https:\/\/inovaitacoatiara.uea.edu.br\/wp-content\/uploads\/2024\/09\/6Hackathon-1024x341.png 1024w, https:\/\/inovaitacoatiara.uea.edu.br\/wp-content\/uploads\/2024\/09\/6Hackathon-300x100.png 300w, https:\/\/inovaitacoatiara.uea.edu.br\/wp-content\/uploads\/2024\/09\/6Hackathon-768x256.png 768w, https:\/\/inovaitacoatiara.uea.edu.br\/wp-content\/uploads\/2024\/09\/6Hackathon-1536x512.png 1536w, https:\/\/inovaitacoatiara.uea.edu.br\/wp-content\/uploads\/2024\/09\/6Hackathon-2048x683.png 2048w\" sizes=\"(max-width: 1024px) 100vw, 1024px\" \/><\/figure>\n\n\n\n<div class=\"wp-block-file\"><a href=\"blob:https:\/\/inovaitacoatiara.uea.edu.br\/386a9df4-a59a-4111-89d1-769a95e9e753\">hackathon (1200 x 800 px) (1200 x 500 px) (1200 x 500 px) (1200 x 600 px).pdf<\/a><a href=\"blob:https:\/\/inovaitacoatiara.uea.edu.br\/386a9df4-a59a-4111-89d1-769a95e9e753\" class=\"wp-block-file__button wp-element-button\" download>Baixar<\/a><\/div>\n\n\n\n<div class=\"wp-block-essential-blocks-advanced-image  root-eb-advanced-image-ur2qz\"><div class=\"eb-parent-wrapper eb-parent-eb-advanced-image-ur2qz \"><figure class=\"eb-advanced-image-wrapper eb-advanced-image-ur2qz img-style-rounded caption-style-1 caption-horizontal-center caption-vertical-bottom bottom no-effect\" data-id=\"eb-advanced-image-ur2qz\"><div class=\"image-wrapper\"><img decoding=\"async\" src=\"https:\/\/inovaitacoatiara.uea.edu.br\/wp-content\/uploads\/2024\/10\/hackathon-1200-x-800-px-1200-x-500-px-1200-x-500-px-1200-x-600-px-1024x512.png\" alt=\"\"\/><\/div><\/figure><\/div><\/div>\n\n\n\n<div class=\"wp-block-group is-layout-constrained wp-block-group-is-layout-constrained\">\n<p>Objetivo: Reunir mentes criativas para desenvolver solu\u00e7\u00f5es pr\u00e1ticas para os desafios enfrentados pela regi\u00e3o Amaz\u00f4nica. Durante esta maratona de inova\u00e7\u00e3o, os participantes ser\u00e3o desafiados a encontrar estrat\u00e9gias para mitigar os efeitos das secas, proteger as comunidades locais e preservar a biodiversidade.<\/p>\n\n\n\n<p>Monte sua equipe e participe!<\/p>\n\n\n\n<p>Inscri\u00e7\u00e3o individual para cada membro da equipe.<\/p>\n\n\n\n<p>Media\u00e7\u00e3o: Amaz\u00f4nia Venture Builder<\/p>\n\n\n\n<h2 class=\"wp-block-heading\">Logo abaixo o link para se inscrever no Hackaton<\/h2>\n\n\n\n<p><a href=\"https:\/\/forms.gle\/xViWh2Q2yf1niDDD7\" data-type=\"link\" data-id=\"https:\/\/forms.gle\/xViWh2Q2yf1niDDD7\">Clique aqui<\/a><\/p>\n<\/div>\n","protected":false},"excerpt":{"rendered":"<p>Objetivo: Reunir mentes criativas para desenvolver solu\u00e7\u00f5es pr\u00e1ticas para os desafios enfrentados pela regi\u00e3o Amaz\u00f4nica. Durante esta maratona de inova\u00e7\u00e3o, [&hellip;]<\/p>\n","protected":false},"author":1,"featured_media":0,"parent":0,"menu_order":0,"comment_status":"closed","ping_status":"closed","template":"","meta":{"_eb_attr":"","site-sidebar-layout":"default","site-content-layout":"","ast-site-content-layout":"","site-content-style":"default","site-sidebar-style":"default","ast-global-header-display":"","ast-banner-title-visibility":"","ast-main-header-display":"","ast-hfb-above-header-display":"","ast-hfb-below-header-display":"","ast-hfb-mobile-header-display":"","site-post-title":"disabled","ast-breadcrumbs-content":"","ast-featured-img":"","footer-sml-layout":"","theme-transparent-header-meta":"","adv-header-id-meta":"","stick-header-meta":"","header-above-stick-meta":"","header-main-stick-meta":"","header-below-stick-meta":"","astra-migrate-meta-layouts":"default","ast-page-background-enabled":"default","ast-page-background-meta":{"desktop":{"background-color":"var(--ast-global-color-4)","background-image":"","background-repeat":"repeat","background-position":"center center","background-size":"auto","background-attachment":"scroll","background-type":"","background-media":"","overlay-type":"","overlay-color":"","overlay-opacity":"","overlay-gradient":""},"tablet":{"background-color":"","background-image":"","background-repeat":"repeat","background-position":"center center","background-size":"auto","background-attachment":"scroll","background-type":"","background-media":"","overlay-type":"","overlay-color":"","overlay-opacity":"","overlay-gradient":""},"mobile":{"background-color":"","background-image":"","background-repeat":"repeat","background-position":"center center","background-size":"auto","background-attachment":"scroll","background-type":"","background-media":"","overlay-type":"","overlay-color":"","overlay-opacity":"","overlay-gradient":""}},"ast-content-background-meta":{"desktop":{"background-color":"var(--ast-global-color-5)","background-image":"","background-repeat":"repeat","background-position":"center center","background-size":"auto","background-attachment":"scroll","background-type":"","background-media":"","overlay-type":"","overlay-color":"","overlay-opacity":"","overlay-gradient":""},"tablet":{"background-color":"var(--ast-global-color-5)","background-image":"","background-repeat":"repeat","background-position":"center center","background-size":"auto","background-attachment":"scroll","background-type":"","background-media":"","overlay-type":"","overlay-color":"","overlay-opacity":"","overlay-gradient":""},"mobile":{"background-color":"var(--ast-global-color-5)","background-image":"","background-repeat":"repeat","background-position":"center center","background-size":"auto","background-attachment":"scroll","background-type":"","background-media":"","overlay-type":"","overlay-color":"","overlay-opacity":"","overlay-gradient":""}},"footnotes":""},"class_list":["post-228","page","type-page","status-publish","hentry"],"_links":{"self":[{"href":"https:\/\/inovaitacoatiara.uea.edu.br\/index.php?rest_route=\/wp\/v2\/pages\/228","targetHints":{"allow":["GET"]}}],"collection":[{"href":"https:\/\/inovaitacoatiara.uea.edu.br\/index.php?rest_route=\/wp\/v2\/pages"}],"about":[{"href":"https:\/\/inovaitacoatiara.uea.edu.br\/index.php?rest_route=\/wp\/v2\/types\/page"}],"author":[{"embeddable":true,"href":"https:\/\/inovaitacoatiara.uea.edu.br\/index.php?rest_route=\/wp\/v2\/users\/1"}],"replies":[{"embeddable":true,"href":"https:\/\/inovaitacoatiara.uea.edu.br\/index.php?rest_route=%2Fwp%2Fv2%2Fcomments&post=228"}],"version-history":[{"count":10,"href":"https:\/\/inovaitacoatiara.uea.edu.br\/index.php?rest_route=\/wp\/v2\/pages\/228\/revisions"}],"predecessor-version":[{"id":1224,"href":"https:\/\/inovaitacoatiara.uea.edu.br\/index.php?rest_route=\/wp\/v2\/pages\/228\/revisions\/1224"}],"wp:attachment":[{"href":"https:\/\/inovaitacoatiara.uea.edu.br\/index.php?rest_route=%2Fwp%2Fv2%2Fmedia&parent=228"}],"curies":[{"name":"wp","href":"https:\/\/api.w.org\/{rel}","templated":true}]}}